{"id":3014,"date":"2018-09-21T13:38:12","date_gmt":"2018-09-21T10:38:12","guid":{"rendered":"https:\/\/www.atrade.gr\/?post_type=product&#038;p=3014"},"modified":"2026-03-17T16:16:30","modified_gmt":"2026-03-17T13:16:30","slug":"%ce%ba%ce%b9%ce%b2%cf%8e%cf%84%ce%b9%ce%bf-%cf%84%ce%b1%cf%87%cf%85%cf%84%ce%ae%cf%84%cf%89%ce%bd-%ce%b3%ce%b9%ce%b1-%cf%84%cf%81%ce%af%cf%86%cf%84%ce%b7-%ce%ba%cf%8c%cf%86%cf%84%ce%b7-%ce%b1%cf%80","status":"publish","type":"product","link":"https:\/\/www.atrade.gr\/en\/product\/%ce%ba%ce%b9%ce%b2%cf%8e%cf%84%ce%b9%ce%bf-%cf%84%ce%b1%cf%87%cf%85%cf%84%ce%ae%cf%84%cf%89%ce%bd-%ce%b3%ce%b9%ce%b1-%cf%84%cf%81%ce%af%cf%86%cf%84%ce%b7-%ce%ba%cf%8c%cf%86%cf%84%ce%b7-%ce%b1%cf%80\/","title":{"rendered":"\u039a\u03b9\u03b2\u03ce\u03c4\u03b9\u03bf \u03c4\u03b1\u03c7\u03c5\u03c4\u03ae\u03c4\u03c9\u03bd \u03b3\u03b9\u03b1 \u03a4\u03c1\u03af\u03c6\u03c4\u03b7\/\u039a\u03cc\u03c6\u03c4\u03b7 &#038; \u0391\u03c0\u03bf\u03c7\u03c5\u03bc\u03c9\u03c4\u03ae-\u0391\u03be\u03b5\u03c3\u03bf\u03c5\u03ac\u03c1 0028 99999"},"content":{"rendered":"<p>\u0391\u03c0\u03b1\u03c1\u03b1\u03af\u03c4\u03b7\u03c4\u03bf \u03b5\u03be\u03ac\u03c1\u03c4\u03b7\u03bc\u03b1 &#8211; \u03ba\u03b9\u03b2\u03ce\u03c4\u03b9\u03bf \u03c4\u03b1\u03c7\u03c5\u03c4\u03ae\u03c4\u03c9\u03bd &#8211; \u03b3\u03b9\u03b1 \u03c4\u03b7 \u03bb\u03b5\u03b9\u03c4\u03bf\u03c5\u03c1\u03b3\u03af\u03b1 \u03b1\u03be\u03b5\u03c3\u03bf\u03c5\u03ac\u03c1 \u03c0\u03bf\u03c5 \u03b1\u03bd\u03b1\u03c6\u03ad\u03c1\u03bf\u03bd\u03c4\u03b1\u03b9 \u03c0\u03b1\u03c1\u03b1\u03ba\u03ac\u03c4\u03c9:<\/p>\n<p>ETA002895030(\u03a4\u03c1\u03af\u03c6\u03c4\u03b7\u03c2-\u039a\u03cc\u03c6\u03c4\u03b7\u03c2 \u03bc\u03b5 5 \u03b4\u03af\u03c3\u03ba\u03bf\u03c5\u03c2 \u03ba\u03bf\u03c0\u03ae\u03c2)<\/p>\n<p><img loading=\"lazy\" decoding=\"async\" src=\"https:\/\/eshop.eta.cz\/image\/product\/350x350\/400163.jpg\" alt=\"Prol. \u03c3\u03b5 \u03c1\u03bf\u03bc\u03c0\u03cc\u03c4 - \u03b5\u03c1\u03b3\u03b1\u03bb\u03b5\u03af\u03bf \u03bb\u03b5\u03af\u03b1\u03bd\u03c3\u03b7\u03c2 ETA 0028 95030\" width=\"151\" height=\"151\" \/><\/p>\n<p>&amp; ETA002898020 (\u03a3\u03c4\u03af\u03c6\u03c4\u03b7-\u0391\u03c0\u03bf\u03c7\u03c5\u03bc\u03c9\u03c4\u03ae, \u03c0\u03b5\u03c1\u03b9\u03bb\u03b1\u03bc\u03b2\u03ac\u03bd\u03b5\u03b9 \u03b4\u03cd\u03bf \u03bc\u03b5\u03b3\u03ad\u03b8\u03b7 \u03c3\u03c4\u03af\u03c6\u03c4\u03b7).<\/p>\n<p><img loading=\"lazy\" decoding=\"async\" src=\"https:\/\/eshop.eta.cz\/image\/product\/350x350\/400166.jpg\" alt=\"P\u0159\u00edsl. k robot\u016fm - lis na citrusov\u00e9 plody ETA 0028 98020\" width=\"194\" height=\"194\" \/><\/p>","protected":false},"excerpt":{"rendered":"<p>\u0391\u03c0\u03b1\u03c1\u03b1\u03af\u03c4\u03b7\u03c4\u03bf \u03b5\u03be\u03ac\u03c1\u03c4\u03b7\u03bc\u03b1 &#8211; \u03ba\u03b9\u03b2\u03ce\u03c4\u03b9\u03bf \u03c4\u03b1\u03c7\u03c5\u03c4\u03ae\u03c4\u03c9\u03bd &#8211; \u03b3\u03b9\u03b1 \u03b1\u03be\u03b5\u03c3\u03bf\u03c5\u03ac\u03c1 ETA002895030(\u03a4\u03c1\u03af\u03c6\u03c4\u03b7\u03c2-\u039a\u03cc\u03c6\u03c4\u03b7\u03c2) &amp; ETA002898020 (\u03a3\u03c4\u03af\u03c6\u03c4\u03b7-\u0391\u03c0\u03bf\u03c7\u03c5\u03bc\u03c9\u03c4\u03ae).<\/p>","protected":false},"featured_media":3015,"template":"","meta":[],"product_brand":[],"product_cat":[526,132],"product_tag":[],"class_list":{"0":"post-3014","1":"product","2":"type-product","3":"status-publish","4":"has-post-thumbnail","6":"product_cat-eta","7":"product_cat-132","8":"yith_product_brand-eta","10":"first","11":"instock","12":"shipping-taxable","13":"purchasable","14":"product-type-simple"},"_links":{"self":[{"href":"https:\/\/www.atrade.gr\/en\/wp-json\/wp\/v2\/product\/3014","targetHints":{"allow":["GET"]}}],"collection":[{"href":"https:\/\/www.atrade.gr\/en\/wp-json\/wp\/v2\/product"}],"about":[{"href":"https:\/\/www.atrade.gr\/en\/wp-json\/wp\/v2\/types\/product"}],"wp:featuredmedia":[{"embeddable":true,"href":"https:\/\/www.atrade.gr\/en\/wp-json\/wp\/v2\/media\/3015"}],"wp:attachment":[{"href":"https:\/\/www.atrade.gr\/en\/wp-json\/wp\/v2\/media?parent=3014"}],"wp:term":[{"taxonomy":"product_brand","embeddable":true,"href":"https:\/\/www.atrade.gr\/en\/wp-json\/wp\/v2\/product_brand?post=3014"},{"taxonomy":"product_cat","embeddable":true,"href":"https:\/\/www.atrade.gr\/en\/wp-json\/wp\/v2\/product_cat?post=3014"},{"taxonomy":"product_tag","embeddable":true,"href":"https:\/\/www.atrade.gr\/en\/wp-json\/wp\/v2\/product_tag?post=3014"}],"curies":[{"name":"wp","href":"https:\/\/api.w.org\/{rel}","templated":true}]}}