{"id":20261,"date":"2024-09-05T18:01:28","date_gmt":"2024-09-05T15:01:28","guid":{"rendered":"https:\/\/www.atrade.gr\/?post_type=product&#038;p=20261"},"modified":"2026-03-17T13:35:35","modified_gmt":"2026-03-17T10:35:35","slug":"eta-titanium-ii-5929-90000-%cf%83%ce%b5%cf%84-%ce%ba%ce%b1%cf%84%cf%83%ce%b1%cf%81%cf%8c%ce%bb%ce%b1%cf%82-16-20-24-28cm","status":"publish","type":"product","link":"https:\/\/www.atrade.gr\/en\/product\/eta-titanium-ii-5929-90000-%cf%83%ce%b5%cf%84-%ce%ba%ce%b1%cf%84%cf%83%ce%b1%cf%81%cf%8c%ce%bb%ce%b1%cf%82-16-20-24-28cm\/","title":{"rendered":"ETA Titanium II 5929 90000 \u03a3\u03b5\u03c4 \u03ba\u03b1\u03c4\u03c3\u03b1\u03c1\u03cc\u03bb\u03b1\u03c2 16\/20\/24\/28cm"},"content":{"rendered":"<p>\u03a8\u03ac\u03c7\u03bd\u03b5\u03c4\u03b5 \u03b3\u03b9\u03b1 \u03c0\u03bf\u03b9\u03bf\u03c4\u03b9\u03ba\u03ad\u03c2 \u03ba\u03bb\u03b1\u03c4\u03c3\u03b1\u03c1\u03cc\u03bb\u03b5\u03c2 \u03c0\u03bf\u03c5 \u03b8\u03b1 \u03c3\u03b1\u03c2 \u03ba\u03ac\u03bd\u03bf\u03c5\u03bd \u03c7\u03b1\u03c1\u03bf\u03cd\u03bc\u03b5\u03bd\u03bf\u03c5\u03c2 \u03c3\u03c4\u03b7\u03bd \u03ba\u03bf\u03c5\u03b6\u03af\u03bd\u03b1 \u03b3\u03b9\u03b1 \u03c0\u03bf\u03bb\u03cd \u03ba\u03b1\u03b9\u03c1\u03cc; \u03a4\u03b1 \u03bc\u03b1\u03b3\u03b5\u03b9\u03c1\u03b9\u03ba\u03ac \u03c3\u03ba\u03b5\u03cd\u03b7 <strong>ETA Titanium<\/strong> \u03b8\u03b1 \u03b1\u03bd\u03c4\u03b1\u03c0\u03bf\u03ba\u03c1\u03b9\u03b8\u03bf\u03cd\u03bd \u03c3\u03c4\u03b9\u03c2 \u03c0\u03c1\u03bf\u03c3\u03b4\u03bf\u03ba\u03af\u03b5\u03c2 \u03c3\u03b1\u03c2. \u0388\u03bd\u03b1 \u03c3\u03b5\u03c4 \u03ba\u03b1\u03c4\u03c3\u03b1\u03c1\u03cc\u03bb\u03b1\u03c2 \u03bc\u03b5 <strong>\u03b5\u03b9\u03b4\u03b9\u03ba\u03ae \u03b1\u03bd\u03c4\u03b9\u03ba\u03bf\u03bb\u03bb\u03b7\u03c4\u03b9\u03ba\u03ae \u03b5\u03c0\u03b9\u03c6\u03ac\u03bd\u03b5\u03b9\u03b1<\/strong>\u00a0\u03b8\u03b1 \u03c3\u03b1\u03c2 \u03b4\u03b9\u03b5\u03c5\u03ba\u03bf\u03bb\u03cd\u03bd\u03b5\u03b9 \u03bd\u03b1 \u03bc\u03b1\u03b3\u03b5\u03b9\u03c1\u03ad\u03c8\u03b5\u03c4\u03b5 \u03cc\u03bb\u03b1 \u03c4\u03b1 \u03b1\u03b3\u03b1\u03c0\u03b7\u03bc\u03ad\u03bd\u03b1 \u03c3\u03b1\u03c2 \u03c0\u03b9\u03ac\u03c4\u03b1 &#8211; \u03b8\u03b1 \u03c7\u03c1\u03b5\u03b9\u03b1\u03c3\u03c4\u03b5\u03af \u03bd\u03b1 \u03bc\u03b1\u03b3\u03b5\u03b9\u03c1\u03ad\u03c8\u03b5\u03c4\u03b5 \u03bc\u03b5 \u03c0\u03bf\u03bb\u03cd\u00a0<strong>\u03bb\u03b9\u03b3\u03cc\u03c4\u03b5\u03c1\u03b1 \u03bb\u03b9\u03c0\u03b1\u03c1\u03ac \u03ba\u03b1\u03b9 \u03b7 \u03c0\u03c1\u03bf\u03b5\u03c4\u03bf\u03b9\u03bc\u03b1\u03c3\u03af\u03b1 \u03c4\u03bf\u03c5 \u03c6\u03b1\u03b3\u03b7\u03c4\u03bf\u03cd \u03b8\u03b1 \u03b5\u03af\u03bd\u03b1\u03b9 \u03c0\u03b9\u03bf \u03c5\u03b3\u03b9\u03b5\u03b9\u03bd\u03ae<\/strong>\u00a0.<\/p>\n<p>\u03a7\u03ac\u03c1\u03b7 \u03c3\u03c4\u03b9\u03c2\u00a0<strong>\u03b5\u03b9\u03b4\u03b9\u03ba\u03ad\u03c2 \u03b1\u03bd\u03c4\u03b9\u03ba\u03bf\u03bb\u03bb\u03b7\u03c4\u03b9\u03ba\u03ad\u03c2 \u03b9\u03b4\u03b9\u03cc\u03c4\u03b7\u03c4\u03b5\u03c2,<\/strong> \u03b4\u03b5\u03bd \u03c7\u03c1\u03b5\u03b9\u03ac\u03b6\u03b5\u03c4\u03b1\u03b9 \u03bd\u03b1 \u03b1\u03bd\u03b7\u03c3\u03c5\u03c7\u03b5\u03af\u03c4\u03b5 \u03b3\u03b9\u03b1 \u03c4\u03c5\u03c7\u03cc\u03bd \u03b5\u03b3\u03ba\u03b1\u03cd\u03bc\u03b1\u03c4\u03b1. \u0397 \u03c0\u03c1\u03bf\u03b5\u03c4\u03bf\u03b9\u03bc\u03b1\u03c3\u03af\u03b1 \u03c4\u03bf\u03c5 \u03c6\u03b1\u03b3\u03b7\u03c4\u03bf\u03cd \u03b8\u03b1 \u03b5\u03af\u03bd\u03b1\u03b9 \u03ad\u03c4\u03c3\u03b9 \u03b3\u03c1\u03ae\u03b3\u03bf\u03c1\u03b7 \u03ba\u03b1\u03b9 \u03b5\u03cd\u03ba\u03bf\u03bb\u03b7, \u03ba\u03b1\u03b8\u03ce\u03c2 \u03ba\u03b1\u03b9 \u03bf \u03b5\u03c0\u03b1\u03ba\u03cc\u03bb\u03bf\u03c5\u03b8\u03bf\u03c2 \u03ba\u03b1\u03b8\u03b1\u03c1\u03b9\u03c3\u03bc\u03cc\u03c2. \u039c\u03c0\u03bf\u03c1\u03b5\u03af\u03c4\u03b5 \u03bd\u03b1 \u03c4\u03b9\u03c2 \u03c0\u03bb\u03cd\u03bd\u03b5\u03c4\u03b5 \u03b5\u03cd\u03ba\u03bf\u03bb\u03b1 \u03cc\u03bb\u03b5\u03c2 \u03c3\u03c4\u03bf \u03c0\u03bb\u03c5\u03bd\u03c4\u03ae\u03c1\u03b9\u03bf \u03c0\u03b9\u03ac\u03c4\u03c9\u03bd.<\/p>\n<p><strong>\u03a3\u03c4\u03bf \u03c3\u03b5\u03c4 \u03bc\u03b1\u03b3\u03b5\u03b9\u03c1\u03b9\u03ba\u03ce\u03bd \u03c3\u03ba\u03b5\u03c5\u03ce\u03bd ETA Titanium II \u03b8\u03b1 \u03b2\u03c1\u03b5\u03af\u03c4\u03b5:<\/strong><\/p>\n<ul>\n<li>\u039a\u03b1\u03c4\u03c3\u03b1\u03c1\u03cc\u03bb\u03b1 \u03bc\u03b5 \u00d8 16 cm (1200 ml)<\/li>\n<li>\u039a\u03b1\u03c4\u03c3\u03b1\u03c1\u03cc\u03bb\u03b1 \u03bc\u03b5 \u00d8 20 cm (2600 ml)<\/li>\n<li>\u039a\u03b1\u03c4\u03c3\u03b1\u03c1\u03cc\u03bb\u03b1 \u03bc\u03b5 \u00d8 24 cm (4000 ml)<\/li>\n<li>\u039a\u03b1\u03c4\u03c3\u03b1\u03c1\u03cc\u03bb\u03b1 \u03bc\u03b5 \u00d8 28 cm (6100 ml)<\/li>\n<\/ul>\n<p>\u03a3\u03c4\u03bf \u03c3\u03b5\u03c4 \u03b8\u03b1 \u03b2\u03c1\u03b5\u03af\u03c4\u03b5 \u03b5\u03c0\u03af\u03c3\u03b7\u03c2\u00a0<strong>\u03ba\u03b1\u03c0\u03ac\u03ba\u03b9\u03b1 \u03bc\u03b5 \u03bb\u03c9\u03c1\u03af\u03b4\u03b1 \u03b1\u03c0\u03cc \u03b1\u03bd\u03bf\u03be\u03b5\u03af\u03b4\u03c9\u03c4\u03bf \u03c7\u03ac\u03bb\u03c5\u03b2\u03b1<\/strong> \u03ba\u03b1\u03b9 \u03b5\u03b9\u03b4\u03b9\u03ba\u03ae \u03bf\u03c0\u03ae \u03b1\u03b5\u03c1\u03b9\u03c3\u03bc\u03bf\u03cd, \u03c0\u03bf\u03c5 \u03b5\u03be\u03b1\u03c3\u03c6\u03b1\u03bb\u03af\u03b6\u03b5\u03b9 \u03bc\u03b9\u03b1 \u03b5\u03bb\u03b1\u03c6\u03c1\u03b9\u03ac \u03c5\u03c0\u03b5\u03c1\u03c0\u03af\u03b5\u03c3\u03b7 \u03b1\u03c4\u03bc\u03bf\u03cd \u03c3\u03c4\u03b7\u03bd \u03ba\u03b1\u03c4\u03c3\u03b1\u03c1\u03cc\u03bb\u03b1 \u03b3\u03b9\u03b1 \u03c5\u03b3\u03b9\u03b5\u03b9\u03bd\u03cc \u03ba\u03b1\u03b9 \u03b3\u03c1\u03ae\u03b3\u03bf\u03c1\u03bf \u03bc\u03b1\u03b3\u03b5\u03af\u03c1\u03b5\u03bc\u03b1. \u038c\u03bb\u03b5\u03c2 \u03bf\u03b9 \u03ba\u03b1\u03c4\u03c3\u03b1\u03c1\u03cc\u03bb\u03b5\u03c2 \u03ad\u03c7\u03bf\u03c5\u03bd <strong>\u03b8\u03b5\u03c1\u03bc\u03bf\u03bc\u03bf\u03bd\u03c9\u03c4\u03b9\u03ba\u03ad\u03c2 \u03bb\u03b1\u03b2\u03ad\u03c2<\/strong>\u00a0\u03b3\u03b9\u03b1 \u03b1\u03c3\u03c6\u03b1\u03bb\u03ae \u03c7\u03b5\u03b9\u03c1\u03b9\u03c3\u03bc\u03cc \u03c0\u03bf\u03c5 \u03b1\u03bd\u03c4\u03ad\u03c7\u03bf\u03c5\u03bd \u03c3\u03b5 \u03b8\u03b5\u03c1\u03bc\u03bf\u03ba\u03c1\u03b1\u03c3\u03af\u03b5\u03c2 \u03ad\u03c9\u03c2 220\u00b0C.<br \/>\n\u03a4\u03b1 \u03bc\u03b1\u03b3\u03b5\u03b9\u03c1\u03b9\u03ba\u03ac \u03c3\u03ba\u03b5\u03cd\u03b7 ETA Titanium II \u03b5\u03af\u03bd\u03b1\u03b9 \u03ba\u03b1\u03c4\u03ac\u03bb\u03bb\u03b7\u03bb\u03b1 \u03b3\u03b9\u03b1 \u03cc\u03bb\u03bf\u03c5\u03c2 \u03c4\u03bf\u03c5\u03c2 \u03c4\u03cd\u03c0\u03bf\u03c5\u03c2 \u03b8\u03ad\u03c1\u03bc\u03b1\u03bd\u03c3\u03b7\u03c2 -\u03b5\u03c0\u03b1\u03b3\u03c9\u03b3\u03b9\u03ba\u03ad\u03c2, \u03b7\u03bb\u03b5\u03ba\u03c4\u03c1\u03b9\u03ba\u03ad\u03c2, \u03ba\u03b5\u03c1\u03b1\u03bc\u03b9\u03ba\u03ad\u03c2, \u03c6\u03c5\u03c3\u03b9\u03ba\u03bf\u03cd \u03b1\u03b5\u03c1\u03af\u03bf\u03c5 \u03ba\u03b1\u03b9 \u03b3\u03ba\u03b1\u03b6\u03b9\u03bf\u03cd.<\/p>\n<h3><span style=\"color: #ff6600;\">\u0395\u03cd\u03ba\u03bf\u03bb\u03bf \u03bc\u03b1\u03b3\u03b5\u03af\u03c1\u03b5\u03bc\u03b1 \u03ba\u03b1\u03b9 \u03c3\u03c5\u03bd\u03c4\u03ae\u03c1\u03b7\u03c3\u03b7<\/span><\/h3>\n<p>\u03a7\u03c9\u03c1\u03af\u03c2 \u03b5\u03b3\u03ba\u03b1\u03cd\u03bc\u03b1\u03c4\u03b1, \u03b4\u03b5\u03bd \u03c7\u03c1\u03b5\u03b9\u03ac\u03b6\u03b5\u03c4\u03b1\u03b9 \u03c4\u03c1\u03af\u03c8\u03b9\u03bc\u03bf, \u03bf\u03c0\u03cc\u03c4\u03b5 \u03b7 \u03c3\u03c5\u03bd\u03c4\u03ae\u03c1\u03b7\u03c3\u03b7 \u03c4\u03bf\u03c5\u03c2 \u03b5\u03af\u03bd\u03b1\u03b9 \u03c0\u03bf\u03bb\u03cd \u03b5\u03cd\u03ba\u03bf\u03bb\u03b7. \u0397 \u03b5\u03c0\u03b9\u03c6\u03ac\u03bd\u03b5\u03b9\u03b1 \u03b1\u03c0\u03cc \u03c4\u03b9\u03c4\u03ac\u03bd\u03b9\u03bf \u03ba\u03b1\u03b8\u03b1\u03c1\u03af\u03b6\u03b5\u03c4\u03b1\u03b9 \u03b5\u03cd\u03ba\u03bf\u03bb\u03b1 \u03ba\u03b1\u03b9 \u03bc\u03c0\u03bf\u03c1\u03b5\u03af\u03c4\u03b5 \u03bd\u03b1 \u03c4\u03b9\u03c2 \u03c0\u03bb\u03cd\u03bd\u03b5\u03c4\u03b5 \u03b5\u03cd\u03ba\u03bf\u03bb\u03b1 \u03c3\u03c4\u03bf \u03c0\u03bb\u03c5\u03bd\u03c4\u03ae\u03c1\u03b9\u03bf \u03c0\u03b9\u03ac\u03c4\u03c9\u03bd.<\/p>\n<h2><span style=\"color: #ff6600;\">\u03a0\u03c1\u03bf\u03b4\u03b9\u03b1\u03b3\u03c1\u03b1\u03c6\u03ad\u03c2:<\/span><\/h2>\n<p><strong>\u03a3\u03b5\u03c4 \u03b1\u03bd\u03c4\u03b9\u03ba\u03bf\u03bb\u03bb\u03b7\u03c4\u03b9\u03ba\u03ce\u03bd \u03c3\u03ba\u03b5\u03c5\u03ce\u03bd \u03bc\u03b5 \u03b5\u03c0\u03b9\u03c6\u03ac\u03bd\u03b5\u03b9\u03b1 \u03c4\u03b9\u03c4\u03b1\u03bd\u03af\u03bf\u03c5<\/strong><\/p>\n<ul>\n<li>\u0391\u03c0\u03b1\u03bb\u03cc \u03ba\u03b1\u03b9 \u03c5\u03b3\u03b9\u03b5\u03b9\u03bd\u03cc \u03bc\u03b1\u03b3\u03b5\u03af\u03c1\u03b5\u03bc\u03b1 &#8211; \u03bc\u03b9\u03b1 \u03b5\u03b9\u03b4\u03b9\u03ba\u03ae \u03b1\u03bd\u03c4\u03b9\u03ba\u03bf\u03bb\u03bb\u03b7\u03c4\u03b9\u03ba\u03ae \u03c3\u03c4\u03c1\u03ce\u03c3\u03b7 \u03b3\u03b9\u03b1 \u03bc\u03b1\u03ba\u03c1\u03bf\u03c7\u03c1\u03cc\u03bd\u03b9\u03b5\u03c2 \u03b1\u03bd\u03c4\u03b9\u03ba\u03bf\u03bb\u03bb\u03b7\u03c4\u03b9\u03ba\u03ad\u03c2 \u03b9\u03b4\u03b9\u03cc\u03c4\u03b7\u03c4\u03b5\u03c2, \u03b1\u03c0\u03bf\u03c4\u03c1\u03ad\u03c0\u03b5\u03b9 \u03c4\u03bf \u03ba\u03cc\u03bb\u03bb\u03b7\u03bc\u03b1 \u03c4\u03c9\u03bd \u03c4\u03c1\u03bf\u03c6\u03af\u03bc\u03c9\u03bd, \u03b5\u03c0\u03b9\u03c4\u03c1\u03ad\u03c0\u03b5\u03b9 \u03bc\u03b1\u03b3\u03b5\u03af\u03c1\u03b5\u03bc\u03b1 \u03c7\u03c9\u03c1\u03af\u03c2 \u03bb\u03b9\u03c0\u03b1\u03c1\u03ac \u03ba\u03b1\u03b9 \u03b1\u03c0\u03bb\u03cc \u03ba\u03b1\u03b9 \u03b3\u03c1\u03ae\u03b3\u03bf\u03c1\u03bf \u03ba\u03b1\u03b8\u03ac\u03c1\u03b9\u03c3\u03bc\u03b1.<\/li>\n<li>\u03a5\u03c8\u03b7\u03bb\u03ae\u03c2 \u03c0\u03bf\u03b9\u03cc\u03c4\u03b7\u03c4\u03b1\u03c2 \u03b1\u03bd\u03c4\u03b9\u03ba\u03bf\u03bb\u03bb\u03b7\u03c4\u03b9\u03ba\u03ae \u03b5\u03c0\u03b9\u03c6\u03ac\u03bd\u03b5\u03b9\u03b1 \u03c4\u03bf\u03c5 \u03b4\u03bf\u03c7\u03b5\u03af\u03bf\u03c5 \u03b1\u03c0\u03cc \u03c4\u03b9\u03c4\u03ac\u03bd\u03b9\u03bf<\/li>\n<li>\u03a7\u03c1\u03b7\u03c3\u03b9\u03bc\u03bf\u03c0\u03bf\u03b9\u03b5\u03af\u03c4\u03b1\u03b9 \u03b3\u03b9\u03b1: \u03bc\u03b1\u03b3\u03b5\u03af\u03c1\u03b5\u03bc\u03b1, \u03b2\u03c1\u03ac\u03c3\u03b9\u03bc\u03bf, \u03c8\u03ae\u03c3\u03b9\u03bc\u03bf, \u03c8\u03ae\u03c3\u03b9\u03bc\u03bf \u03ba\u03b1\u03b9 \u03b4\u03b9\u03b1\u03c4\u03ae\u03c1\u03b7\u03c3\u03b7 \u03b6\u03b5\u03c3\u03c4\u03bf\u03cd \u03c6\u03b1\u03b3\u03b7\u03c4\u03bf\u03cd<\/li>\n<li>\u039c\u03ad\u03b3\u03b5\u03b8\u03bf\u03c2 \u03b4\u03bf\u03c7\u03b5\u03af\u03bf\u03c5 \u00d8 16 cm, \u00d8 20 cm, \u00d8 24 cm, \u00d8 28 cm<\/li>\n<li>\u0398\u03b5\u03c1\u03bc\u03bf\u03bc\u03bf\u03bd\u03c9\u03bc\u03ad\u03bd\u03b5\u03c2 \u03ba\u03b1\u03b9 \u03b5\u03c1\u03b3\u03bf\u03bd\u03bf\u03bc\u03b9\u03ba\u03ac \u03b4\u03b9\u03b1\u03bc\u03bf\u03c1\u03c6\u03c9\u03bc\u03ad\u03bd\u03b5\u03c2 \u03bb\u03b1\u03b2\u03ad\u03c2 \u03b3\u03b9\u03b1 \u03b1\u03c3\u03c6\u03b1\u03bb\u03ae \u03c7\u03b5\u03b9\u03c1\u03b9\u03c3\u03bc\u03cc<\/li>\n<li>\u039b\u03b1\u03b2\u03ae \u03b1\u03bd\u03b8\u03b5\u03ba\u03c4\u03b9\u03ba\u03ae \u03c3\u03c4\u03b7 \u03b8\u03b5\u03c1\u03bc\u03cc\u03c4\u03b7\u03c4\u03b1 \u03ad\u03c9\u03c2 220 \u00b0C \u03bc\u03b5 \u03c4\u03c1\u03cd\u03c0\u03b1 \u03b3\u03b9\u03b1 \u03ba\u03c1\u03ad\u03bc\u03b1\u03c3\u03bc\u03b1<\/li>\n<li>\u0393\u03c5\u03ac\u03bb\u03b9\u03bd\u03bf \u03ba\u03b1\u03c0\u03ac\u03ba\u03b9 \u03bc\u03b5 \u03bb\u03c9\u03c1\u03af\u03b4\u03b1 \u03b1\u03c0\u03cc \u03b1\u03bd\u03bf\u03be\u03b5\u03af\u03b4\u03c9\u03c4\u03bf \u03c7\u03ac\u03bb\u03c5\u03b2\u03b1 \u03ba\u03b1\u03b9 \u03b5\u03b9\u03b4\u03b9\u03ba\u03ae \u03bf\u03c0\u03ae \u03b5\u03be\u03b1\u03b5\u03c1\u03b9\u03c3\u03bc\u03bf\u03cd \u03c0\u03bf\u03c5 \u03b5\u03be\u03b1\u03c3\u03c6\u03b1\u03bb\u03af\u03b6\u03b5\u03b9 \u03bc\u03b9\u03b1 \u03b5\u03bb\u03b1\u03c6\u03c1\u03ac \u03c5\u03c0\u03b5\u03c1\u03c0\u03af\u03b5\u03c3\u03b7 \u03b1\u03c4\u03bc\u03bf\u03cd \u03c3\u03c4\u03bf \u03b4\u03bf\u03c7\u03b5\u03af\u03bf \u03b3\u03b9\u03b1 \u03b3\u03c1\u03ae\u03b3\u03bf\u03c1\u03bf \u03ba\u03b1\u03b9 \u03c5\u03b3\u03b9\u03b5\u03b9\u03bd\u03cc \u03bc\u03b1\u03b3\u03b5\u03af\u03c1\u03b5\u03bc\u03b1<\/li>\n<li>\u0397 \u03c4\u03c3\u03ac\u03bd\u03c4\u03b1 \u03c0\u03b5\u03c1\u03b9\u03bb\u03b1\u03bc\u03b2\u03ac\u03bd\u03b5\u03c4\u03b1\u03b9 \u03c3\u03c4\u03b7 \u03c3\u03c5\u03c3\u03ba\u03b5\u03c5\u03b1\u03c3\u03af\u03b1<\/li>\n<li>\u0395\u03c0\u03b9\u03c6\u03ac\u03bd\u03b5\u03b9\u03b1 \u03c0\u03bf\u03c5 \u03c0\u03bb\u03ad\u03bd\u03b5\u03c4\u03b1\u03b9 \u03b5\u03cd\u03ba\u03bf\u03bb\u03b1<\/li>\n<li>\u039c\u03c0\u03bf\u03c1\u03b5\u03af \u03bd\u03b1 \u03c0\u03bb\u03c5\u03b8\u03b5\u03af \u03c3\u03b5 \u03c0\u03bb\u03c5\u03bd\u03c4\u03ae\u03c1\u03b9\u03bf \u03c0\u03b9\u03ac\u03c4\u03c9\u03bd<\/li>\n<li>\u039a\u03b1\u03c4\u03ac\u03bb\u03bb\u03b7\u03bb\u03bf \u03b3\u03b9\u03b1 \u03b5\u03c3\u03c4\u03af\u03b5\u03c2: \u03b5\u03c0\u03b1\u03b3\u03c9\u03b3\u03b9\u03ba\u03ad\u03c2, \u03b7\u03bb\u03b5\u03ba\u03c4\u03c1\u03b9\u03ba\u03ad\u03c2, \u03ba\u03b5\u03c1\u03b1\u03bc\u03b9\u03ba\u03ad\u03c2, \u03c6\u03c5\u03c3\u03b9\u03ba\u03bf\u03cd \u03b1\u03b5\u03c1\u03af\u03bf\u03c5 \u03ba\u03b1\u03b9 \u03b3\u03ba\u03b1\u03b6\u03b9\u03bf\u03cd.<\/li>\n<li>\u0394\u03b5\u03bd \u03c0\u03c1\u03bf\u03bf\u03c1\u03af\u03b6\u03b5\u03c4\u03b1\u03b9 \u03b3\u03b9\u03b1 \u03c6\u03bf\u03cd\u03c1\u03bd\u03bf<\/li>\n<\/ul>","protected":false},"excerpt":{"rendered":"<p>\u03a8\u03ac\u03c7\u03bd\u03b5\u03c4\u03b5 \u03b3\u03b9\u03b1 \u03c0\u03bf\u03b9\u03bf\u03c4\u03b9\u03ba\u03ad\u03c2 \u03ba\u03bb\u03b1\u03c4\u03c3\u03b1\u03c1\u03cc\u03bb\u03b5\u03c2 \u03c0\u03bf\u03c5 \u03b8\u03b1 \u03c3\u03b1\u03c2 \u03ba\u03ac\u03bd\u03bf\u03c5\u03bd \u03c7\u03b1\u03c1\u03bf\u03cd\u03bc\u03b5\u03bd\u03bf\u03c5\u03c2 \u03c3\u03c4\u03b7\u03bd \u03ba\u03bf\u03c5\u03b6\u03af\u03bd\u03b1 \u03b3\u03b9\u03b1 \u03c0\u03bf\u03bb\u03cd \u03ba\u03b1\u03b9\u03c1\u03cc; \u03a4\u03b1 \u03bc\u03b1\u03b3\u03b5\u03b9\u03c1\u03b9\u03ba\u03ac \u03c3\u03ba\u03b5\u03cd\u03b7 ETA Titanium \u03b8\u03b1 \u03b1\u03bd\u03c4\u03b1\u03c0\u03bf\u03ba\u03c1\u03b9\u03b8\u03bf\u03cd\u03bd \u03c3\u03c4\u03b9\u03c2 \u03c0\u03c1\u03bf\u03c3\u03b4\u03bf\u03ba\u03af\u03b5\u03c2 \u03c3\u03b1\u03c2. \u0388\u03bd\u03b1 \u03c3\u03b5\u03c4 \u03ba\u03b1\u03c4\u03c3\u03b1\u03c1\u03cc\u03bb\u03b1\u03c2 \u03bc\u03b5 \u03b5\u03b9\u03b4\u03b9\u03ba\u03ae \u03b1\u03bd\u03c4\u03b9\u03ba\u03bf\u03bb\u03bb\u03b7\u03c4\u03b9\u03ba\u03ae \u03b5\u03c0\u03b9\u03c6\u03ac\u03bd\u03b5\u03b9\u03b1\u00a0\u03b8\u03b1 \u03c3\u03b1\u03c2 \u03b4\u03b9\u03b5\u03c5\u03ba\u03bf\u03bb\u03cd\u03bd\u03b5\u03b9 \u03bd\u03b1 \u03bc\u03b1\u03b3\u03b5\u03b9\u03c1\u03ad\u03c8\u03b5\u03c4\u03b5 \u03cc\u03bb\u03b1 \u03c4\u03b1 \u03b1\u03b3\u03b1\u03c0\u03b7\u03bc\u03ad\u03bd\u03b1 \u03c3\u03b1\u03c2 \u03c0\u03b9\u03ac\u03c4\u03b1 &#8211; \u03b8\u03b1 \u03c7\u03c1\u03b5\u03b9\u03b1\u03c3\u03c4\u03b5\u03af \u03bd\u03b1 \u03bc\u03b1\u03b3\u03b5\u03b9\u03c1\u03ad\u03c8\u03b5\u03c4\u03b5 \u03bc\u03b5 \u03c0\u03bf\u03bb\u03cd\u00a0\u03bb\u03b9\u03b3\u03cc\u03c4\u03b5\u03c1\u03b1 \u03bb\u03b9\u03c0\u03b1\u03c1\u03ac \u03ba\u03b1\u03b9 \u03b7 \u03c0\u03c1\u03bf\u03b5\u03c4\u03bf\u03b9\u03bc\u03b1\u03c3\u03af\u03b1 \u03c4\u03bf\u03c5 \u03c6\u03b1\u03b3\u03b7\u03c4\u03bf\u03cd \u03b8\u03b1 \u03b5\u03af\u03bd\u03b1\u03b9 [&#8230;]","protected":false},"featured_media":20263,"template":"","meta":[],"product_brand":[],"product_cat":[526,475],"product_tag":[],"class_list":{"0":"post-20261","1":"product","2":"type-product","3":"status-publish","4":"has-post-thumbnail","6":"product_cat-eta","7":"product_cat-475","9":"first","10":"instock","11":"shipping-taxable","12":"purchasable","13":"product-type-simple"},"_links":{"self":[{"href":"https:\/\/www.atrade.gr\/en\/wp-json\/wp\/v2\/product\/20261","targetHints":{"allow":["GET"]}}],"collection":[{"href":"https:\/\/www.atrade.gr\/en\/wp-json\/wp\/v2\/product"}],"about":[{"href":"https:\/\/www.atrade.gr\/en\/wp-json\/wp\/v2\/types\/product"}],"wp:featuredmedia":[{"embeddable":true,"href":"https:\/\/www.atrade.gr\/en\/wp-json\/wp\/v2\/media\/20263"}],"wp:attachment":[{"href":"https:\/\/www.atrade.gr\/en\/wp-json\/wp\/v2\/media?parent=20261"}],"wp:term":[{"taxonomy":"product_brand","embeddable":true,"href":"https:\/\/www.atrade.gr\/en\/wp-json\/wp\/v2\/product_brand?post=20261"},{"taxonomy":"product_cat","embeddable":true,"href":"https:\/\/www.atrade.gr\/en\/wp-json\/wp\/v2\/product_cat?post=20261"},{"taxonomy":"product_tag","embeddable":true,"href":"https:\/\/www.atrade.gr\/en\/wp-json\/wp\/v2\/product_tag?post=20261"}],"curies":[{"name":"wp","href":"https:\/\/api.w.org\/{rel}","templated":true}]}}